{"id":5663,"date":"2022-06-07T13:46:29","date_gmt":"2022-06-07T11:46:29","guid":{"rendered":"https:\/\/bioresonance.com\/cookie-richtlinie\/"},"modified":"2025-04-24T10:51:45","modified_gmt":"2025-04-24T08:51:45","slug":"cookie-richtlinie","status":"publish","type":"page","link":"https:\/\/bioresonance.com\/de\/cookie-richtlinie\/","title":{"rendered":"Cookie-Richtlinie"},"content":{"rendered":"<div class=\"cli_pg_page_contaner\">\n<h3>\u00dcber diese Cookie-Richtlinie<\/h3>\n<div>Diese Cookie-Richtlinie erl\u00e4utert, was Cookies sind und wie wir sie verwenden, welche Arten von Cookies wir einsetzen, d.h. welche Informationen wir mithilfe von Cookies sammeln und wie diese Informationen verwendet werden, sowie wie Sie die Cookie-Einstellungen kontrollieren k\u00f6nnen. F\u00fcr weitere Informationen dar\u00fcber, wie wir Ihre personenbezogenen Daten verwenden, speichern und sch\u00fctzen, schauen Sie sich bitte unsere Datenschutzerkl\u00e4rung an. <\/p>\n<p>Sie k\u00f6nnen Ihre Einwilligung jederzeit in der Cookie-Erkl\u00e4rung auf unserer Website \u00e4ndern oder zur\u00fcckziehen.<br \/>\nIn unserer Datenschutzerkl\u00e4rung erfahren Sie mehr dar\u00fcber, wer wir sind, wie Sie uns kontaktieren k\u00f6nnen und wie wir personenbezogene Daten verarbeiten.<br \/>\nIhre Einwilligung gilt f\u00fcr die folgenden Domains: bioresonance.com<br \/>\n[user_consent_state]<\/p>\n<\/div>\n<h3>Was sind Cookies?<\/h3>\n<div>Cookies sind kleine Textdateien, die verwendet werden, um kleine Informationseinheiten zu speichern. Sie werden auf Ihrem Ger\u00e4t gespeichert, wenn die Website in Ihrem Browser geladen wird. Diese Cookies helfen uns, die Website ordnungsgem\u00e4\u00df funktionieren zu lassen, sie sicherer zu machen, eine bessere Benutzererfahrung zu bieten und zu verstehen, wie die Website funktioniert, sowie zu analysieren, was gut funktioniert und wo Verbesserungen erforderlich sind.  <\/div>\n<h3>Wie verwenden wir Cookies?<\/h3>\n<div>Wie die meisten Online-Dienste verwendet unsere Website First-Party- und Third-Party-Cookies f\u00fcr verschiedene Zwecke. First-Party-Cookies sind gr\u00f6\u00dftenteils f\u00fcr das ordnungsgem\u00e4\u00dfe Funktionieren der Website notwendig und erfassen keine Ihrer pers\u00f6nlich identifizierbaren Daten. <\/p>\n<p>Die auf unserer Website verwendeten Third-Party-Cookies dienen haupts\u00e4chlich dazu, zu verstehen, wie die Website funktioniert, wie Sie mit unserer Website interagieren, unsere Dienste sicher zu halten, f\u00fcr Sie relevante Werbung bereitzustellen und Ihnen insgesamt eine verbesserte und optimierte Benutzererfahrung zu bieten sowie Ihre zuk\u00fcnftigen Interaktionen mit unserer Website zu beschleunigen.<\/p>\n<\/div>\n<h3>Welche Arten von Cookies verwenden wir?<\/h3>\n<div>Essenziell: Einige Cookies sind unerl\u00e4sslich, damit Sie die volle Funktionalit\u00e4t unserer Website erleben k\u00f6nnen. Sie erm\u00f6glichen es uns, Benutzersitzungen aufrechtzuerhalten und Sicherheitsbedrohungen zu verhindern. Sie sammeln oder speichern keine personenbezogenen Informationen. Beispielsweise erm\u00f6glichen diese Cookies Ihnen, sich in Ihr Konto einzuloggen, Produkte in Ihren Warenkorb zu legen und sicher zur Kasse zu gehen.   <\/p>\n<p>Statistik: Diese Cookies speichern Informationen wie die Anzahl der Besucher auf der Website, die Anzahl der eindeutigen Besucher, welche Seiten der Website besucht wurden, die Quelle des Besuchs usw. Diese Daten helfen uns zu verstehen und zu analysieren, wie gut die Website funktioniert und wo sie verbessert werden muss. <\/p>\n<p>Marketing: Unsere Website zeigt Werbeanzeigen. Diese Cookies werden verwendet, um die Anzeigen, die wir Ihnen pr\u00e4sentieren, zu personalisieren, sodass sie f\u00fcr Sie relevant sind. Diese Cookies helfen uns auch, die Effizienz dieser Werbekampagnen zu verfolgen.<br \/>\nDie in diesen Cookies gespeicherten Informationen k\u00f6nnen auch von Drittanbietern verwendet werden, um Ihnen Anzeigen auf anderen Websites im Browser anzuzeigen.  <\/p>\n<p>Funktional: Dies sind Cookies, die bestimmte nicht essenzielle Funktionalit\u00e4ten auf unserer Website unterst\u00fctzen. Diese Funktionalit\u00e4ten umfassen das Einbetten von Inhalten wie Videos oder das Teilen von Inhalten der Website auf Social-Media-Plattformen. <\/p>\n<p>Pr\u00e4ferenzen: Diese Cookies helfen uns, Ihre Einstellungen und Browsing-Pr\u00e4ferenzen wie Spracheinstellungen zu speichern, damit Sie bei zuk\u00fcnftigen Besuchen auf der Website eine bessere und effizientere Erfahrung haben.<br \/>\n[cookie_audit columns=&#8220;cookie,description&#8220; heading=&#8220;The below list details the cookies used in our website.&#8220;]<\/p>\n<\/div>\n<h3>Wie kann ich die Cookie-Einstellungen kontrollieren?<\/h3>\n<div>Sollten Sie sich entschlie\u00dfen, Ihre Pr\u00e4ferenzen im Laufe Ihrer Browsing-Sitzung zu \u00e4ndern, k\u00f6nnen Sie auf den Tab &#8222;Datenschutz- &amp; Cookie-Richtlinie&#8220; auf Ihrem Bildschirm klicken. Dies wird den Zustimmungshinweis erneut anzeigen und Ihnen erm\u00f6glichen, Ihre Pr\u00e4ferenzen zu \u00e4ndern oder Ihre Einwilligung vollst\u00e4ndig zur\u00fcckzuziehen. <\/p>\n<p>Dar\u00fcber hinaus bieten verschiedene Browser unterschiedliche Methoden, um von Websites verwendete Cookies zu blockieren und zu l\u00f6schen. Sie k\u00f6nnen die Einstellungen Ihres Browsers \u00e4ndern, um Cookies zu blockieren\/l\u00f6schen. Um mehr dar\u00fcber zu erfahren, wie man Cookies verwaltet und l\u00f6scht, besuchen Sie wikipedia.org, www.allaboutcookies.org.  <\/p>\n<\/div>\n<\/div>\n","protected":false},"excerpt":{"rendered":"<p>\u00dcber diese Cookie-Richtlinie Diese Cookie-Richtlinie erl\u00e4utert, was Cookies sind und wie wir sie verwenden, welche Arten von Cookies wir einsetzen, d.h. welche Informationen wir mithilfe von Cookies sammeln und wie diese Informationen verwendet werden, sowie wie Sie die Cookie-Einstellungen kontrollieren k\u00f6nnen. F\u00fcr weitere Informationen dar\u00fcber, wie wir Ihre personenbezogenen Daten verwenden, speichern und sch\u00fctzen, schauen [&hellip;]<\/p>\n","protected":false},"author":1,"featured_media":0,"parent":0,"menu_order":0,"comment_status":"closed","ping_status":"closed","template":"","meta":{"site-sidebar-layout":"default","site-content-layout":"","ast-site-content-layout":"default","site-content-style":"default","site-sidebar-style":"default","ast-global-header-display":"","ast-banner-title-visibility":"","ast-main-header-display":"","ast-hfb-above-header-display":"","ast-hfb-below-header-display":"","ast-hfb-mobile-header-display":"","site-post-title":"","ast-breadcrumbs-content":"","ast-featured-img":"","footer-sml-layout":"","ast-disable-related-posts":"","theme-transparent-header-meta":"","adv-header-id-meta":"","stick-header-meta":"","header-above-stick-meta":"","header-main-stick-meta":"","header-below-stick-meta":"","astra-migrate-meta-layouts":"default","ast-page-background-enabled":"default","ast-page-background-meta":{"desktop":{"background-color":"","background-image":"","background-repeat":"repeat","background-position":"center center","background-size":"auto","background-attachment":"scroll","background-type":"","background-media":"","overlay-type":"","overlay-color":"","overlay-opacity":"","overlay-gradient":""},"tablet":{"background-color":"","background-image":"","background-repeat":"repeat","background-position":"center center","background-size":"auto","background-attachment":"scroll","background-type":"","background-media":"","overlay-type":"","overlay-color":"","overlay-opacity":"","overlay-gradient":""},"mobile":{"background-color":"","background-image":"","background-repeat":"repeat","background-position":"center center","background-size":"auto","background-attachment":"scroll","background-type":"","background-media":"","overlay-type":"","overlay-color":"","overlay-opacity":"","overlay-gradient":""}},"ast-content-background-meta":{"desktop":{"background-color":"var(--ast-global-color-5)","background-image":"","background-repeat":"repeat","background-position":"center center","background-size":"auto","background-attachment":"scroll","background-type":"","background-media":"","overlay-type":"","overlay-color":"","overlay-opacity":"","overlay-gradient":""},"tablet":{"background-color":"var(--ast-global-color-5)","background-image":"","background-repeat":"repeat","background-position":"center center","background-size":"auto","background-attachment":"scroll","background-type":"","background-media":"","overlay-type":"","overlay-color":"","overlay-opacity":"","overlay-gradient":""},"mobile":{"background-color":"var(--ast-global-color-5)","background-image":"","background-repeat":"repeat","background-position":"center center","background-size":"auto","background-attachment":"scroll","background-type":"","background-media":"","overlay-type":"","overlay-color":"","overlay-opacity":"","overlay-gradient":""}},"footnotes":""},"class_list":["post-5663","page","type-page","status-publish","hentry"],"yoast_head":"<!-- This site is optimized with the Yoast SEO plugin v27.4 - https:\/\/yoast.com\/product\/yoast-seo-wordpress\/ -->\n<title>Cookie-Richtlinie - Bioresonance according to Paul Schmidt<\/title>\n<meta name=\"robots\" content=\"index, follow, max-snippet:-1, max-image-preview:large, max-video-preview:-1\" \/>\n<link rel=\"canonical\" href=\"https:\/\/bioresonance.com\/de\/cookie-richtlinie\/\" \/>\n<meta property=\"og:locale\" content=\"de_DE\" \/>\n<meta property=\"og:type\" content=\"article\" \/>\n<meta property=\"og:title\" content=\"Cookie-Richtlinie - Bioresonance according to Paul Schmidt\" \/>\n<meta property=\"og:description\" content=\"\u00dcber diese Cookie-Richtlinie Diese Cookie-Richtlinie erl\u00e4utert, was Cookies sind und wie wir sie verwenden, welche Arten von Cookies wir einsetzen, d.h. welche Informationen wir mithilfe von Cookies sammeln und wie diese Informationen verwendet werden, sowie wie Sie die Cookie-Einstellungen kontrollieren k\u00f6nnen. F\u00fcr weitere Informationen dar\u00fcber, wie wir Ihre personenbezogenen Daten verwenden, speichern und sch\u00fctzen, schauen [&hellip;]\" \/>\n<meta property=\"og:url\" content=\"https:\/\/bioresonance.com\/de\/cookie-richtlinie\/\" \/>\n<meta property=\"og:site_name\" content=\"Bioresonance according to Paul Schmidt\" \/>\n<meta property=\"article:publisher\" content=\"https:\/\/www.facebook.com\/RayonexBiomedical\" \/>\n<meta property=\"article:modified_time\" content=\"2025-04-24T08:51:45+00:00\" \/>\n<meta name=\"twitter:card\" content=\"summary_large_image\" \/>\n<meta name=\"twitter:label1\" content=\"Gesch\u00e4tzte Lesezeit\" \/>\n\t<meta name=\"twitter:data1\" content=\"3\u00a0Minuten\" \/>\n<script type=\"application\/ld+json\" class=\"yoast-schema-graph\">{\"@context\":\"https:\\\/\\\/schema.org\",\"@graph\":[{\"@type\":\"WebPage\",\"@id\":\"https:\\\/\\\/bioresonance.com\\\/de\\\/cookie-richtlinie\\\/\",\"url\":\"https:\\\/\\\/bioresonance.com\\\/de\\\/cookie-richtlinie\\\/\",\"name\":\"Cookie-Richtlinie - Bioresonance according to Paul Schmidt\",\"isPartOf\":{\"@id\":\"https:\\\/\\\/bioresonance.com\\\/de\\\/#website\"},\"datePublished\":\"2022-06-07T11:46:29+00:00\",\"dateModified\":\"2025-04-24T08:51:45+00:00\",\"breadcrumb\":{\"@id\":\"https:\\\/\\\/bioresonance.com\\\/de\\\/cookie-richtlinie\\\/#breadcrumb\"},\"inLanguage\":\"de\",\"potentialAction\":[{\"@type\":\"ReadAction\",\"target\":[\"https:\\\/\\\/bioresonance.com\\\/de\\\/cookie-richtlinie\\\/\"]}]},{\"@type\":\"BreadcrumbList\",\"@id\":\"https:\\\/\\\/bioresonance.com\\\/de\\\/cookie-richtlinie\\\/#breadcrumb\",\"itemListElement\":[{\"@type\":\"ListItem\",\"position\":1,\"name\":\"Home\",\"item\":\"https:\\\/\\\/bioresonance.com\\\/de\\\/startseite\\\/\"},{\"@type\":\"ListItem\",\"position\":2,\"name\":\"Cookie-Richtlinie\"}]},{\"@type\":\"WebSite\",\"@id\":\"https:\\\/\\\/bioresonance.com\\\/de\\\/#website\",\"url\":\"https:\\\/\\\/bioresonance.com\\\/de\\\/\",\"name\":\"Bioresonance according to Paul Schmidt\",\"description\":\"\",\"publisher\":{\"@id\":\"https:\\\/\\\/bioresonance.com\\\/de\\\/#organization\"},\"potentialAction\":[{\"@type\":\"SearchAction\",\"target\":{\"@type\":\"EntryPoint\",\"urlTemplate\":\"https:\\\/\\\/bioresonance.com\\\/de\\\/?s={search_term_string}\"},\"query-input\":{\"@type\":\"PropertyValueSpecification\",\"valueRequired\":true,\"valueName\":\"search_term_string\"}}],\"inLanguage\":\"de\"},{\"@type\":\"Organization\",\"@id\":\"https:\\\/\\\/bioresonance.com\\\/de\\\/#organization\",\"name\":\"Rayonex Biomedical GmbH\",\"url\":\"https:\\\/\\\/bioresonance.com\\\/de\\\/\",\"logo\":{\"@type\":\"ImageObject\",\"inLanguage\":\"de\",\"@id\":\"https:\\\/\\\/bioresonance.com\\\/de\\\/#\\\/schema\\\/logo\\\/image\\\/\",\"url\":\"https:\\\/\\\/bioresonance.com\\\/wp-content\\\/uploads\\\/2022\\\/10\\\/Rayonex-Biomedical-Logo.png\",\"contentUrl\":\"https:\\\/\\\/bioresonance.com\\\/wp-content\\\/uploads\\\/2022\\\/10\\\/Rayonex-Biomedical-Logo.png\",\"width\":2560,\"height\":524,\"caption\":\"Rayonex Biomedical GmbH\"},\"image\":{\"@id\":\"https:\\\/\\\/bioresonance.com\\\/de\\\/#\\\/schema\\\/logo\\\/image\\\/\"},\"sameAs\":[\"https:\\\/\\\/www.facebook.com\\\/RayonexBiomedical\",\"https:\\\/\\\/www.youtube.com\\\/@RayonexBiomedical\",\"https:\\\/\\\/www.instagram.com\\\/rayonex\",\"https:\\\/\\\/www.xing.com\\\/pages\\\/rayonexbiomedicalgmbh\",\"https:\\\/\\\/de.linkedin.com\\\/company\\\/rayonex-biomedical-gmbh\"]}]}<\/script>\n<!-- \/ Yoast SEO plugin. -->","yoast_head_json":{"title":"Cookie-Richtlinie - Bioresonance according to Paul Schmidt","robots":{"index":"index","follow":"follow","max-snippet":"max-snippet:-1","max-image-preview":"max-image-preview:large","max-video-preview":"max-video-preview:-1"},"canonical":"https:\/\/bioresonance.com\/de\/cookie-richtlinie\/","og_locale":"de_DE","og_type":"article","og_title":"Cookie-Richtlinie - Bioresonance according to Paul Schmidt","og_description":"\u00dcber diese Cookie-Richtlinie Diese Cookie-Richtlinie erl\u00e4utert, was Cookies sind und wie wir sie verwenden, welche Arten von Cookies wir einsetzen, d.h. welche Informationen wir mithilfe von Cookies sammeln und wie diese Informationen verwendet werden, sowie wie Sie die Cookie-Einstellungen kontrollieren k\u00f6nnen. F\u00fcr weitere Informationen dar\u00fcber, wie wir Ihre personenbezogenen Daten verwenden, speichern und sch\u00fctzen, schauen [&hellip;]","og_url":"https:\/\/bioresonance.com\/de\/cookie-richtlinie\/","og_site_name":"Bioresonance according to Paul Schmidt","article_publisher":"https:\/\/www.facebook.com\/RayonexBiomedical","article_modified_time":"2025-04-24T08:51:45+00:00","twitter_card":"summary_large_image","twitter_misc":{"Gesch\u00e4tzte Lesezeit":"3\u00a0Minuten"},"schema":{"@context":"https:\/\/schema.org","@graph":[{"@type":"WebPage","@id":"https:\/\/bioresonance.com\/de\/cookie-richtlinie\/","url":"https:\/\/bioresonance.com\/de\/cookie-richtlinie\/","name":"Cookie-Richtlinie - Bioresonance according to Paul Schmidt","isPartOf":{"@id":"https:\/\/bioresonance.com\/de\/#website"},"datePublished":"2022-06-07T11:46:29+00:00","dateModified":"2025-04-24T08:51:45+00:00","breadcrumb":{"@id":"https:\/\/bioresonance.com\/de\/cookie-richtlinie\/#breadcrumb"},"inLanguage":"de","potentialAction":[{"@type":"ReadAction","target":["https:\/\/bioresonance.com\/de\/cookie-richtlinie\/"]}]},{"@type":"BreadcrumbList","@id":"https:\/\/bioresonance.com\/de\/cookie-richtlinie\/#breadcrumb","itemListElement":[{"@type":"ListItem","position":1,"name":"Home","item":"https:\/\/bioresonance.com\/de\/startseite\/"},{"@type":"ListItem","position":2,"name":"Cookie-Richtlinie"}]},{"@type":"WebSite","@id":"https:\/\/bioresonance.com\/de\/#website","url":"https:\/\/bioresonance.com\/de\/","name":"Bioresonance according to Paul Schmidt","description":"","publisher":{"@id":"https:\/\/bioresonance.com\/de\/#organization"},"potentialAction":[{"@type":"SearchAction","target":{"@type":"EntryPoint","urlTemplate":"https:\/\/bioresonance.com\/de\/?s={search_term_string}"},"query-input":{"@type":"PropertyValueSpecification","valueRequired":true,"valueName":"search_term_string"}}],"inLanguage":"de"},{"@type":"Organization","@id":"https:\/\/bioresonance.com\/de\/#organization","name":"Rayonex Biomedical GmbH","url":"https:\/\/bioresonance.com\/de\/","logo":{"@type":"ImageObject","inLanguage":"de","@id":"https:\/\/bioresonance.com\/de\/#\/schema\/logo\/image\/","url":"https:\/\/bioresonance.com\/wp-content\/uploads\/2022\/10\/Rayonex-Biomedical-Logo.png","contentUrl":"https:\/\/bioresonance.com\/wp-content\/uploads\/2022\/10\/Rayonex-Biomedical-Logo.png","width":2560,"height":524,"caption":"Rayonex Biomedical GmbH"},"image":{"@id":"https:\/\/bioresonance.com\/de\/#\/schema\/logo\/image\/"},"sameAs":["https:\/\/www.facebook.com\/RayonexBiomedical","https:\/\/www.youtube.com\/@RayonexBiomedical","https:\/\/www.instagram.com\/rayonex","https:\/\/www.xing.com\/pages\/rayonexbiomedicalgmbh","https:\/\/de.linkedin.com\/company\/rayonex-biomedical-gmbh"]}]}},"_links":{"self":[{"href":"https:\/\/bioresonance.com\/de\/wp-json\/wp\/v2\/pages\/5663","targetHints":{"allow":["GET"]}}],"collection":[{"href":"https:\/\/bioresonance.com\/de\/wp-json\/wp\/v2\/pages"}],"about":[{"href":"https:\/\/bioresonance.com\/de\/wp-json\/wp\/v2\/types\/page"}],"author":[{"embeddable":true,"href":"https:\/\/bioresonance.com\/de\/wp-json\/wp\/v2\/users\/1"}],"replies":[{"embeddable":true,"href":"https:\/\/bioresonance.com\/de\/wp-json\/wp\/v2\/comments?post=5663"}],"version-history":[{"count":1,"href":"https:\/\/bioresonance.com\/de\/wp-json\/wp\/v2\/pages\/5663\/revisions"}],"predecessor-version":[{"id":5676,"href":"https:\/\/bioresonance.com\/de\/wp-json\/wp\/v2\/pages\/5663\/revisions\/5676"}],"wp:attachment":[{"href":"https:\/\/bioresonance.com\/de\/wp-json\/wp\/v2\/media?parent=5663"}],"curies":[{"name":"wp","href":"https:\/\/api.w.org\/{rel}","templated":true}]}}