{"id":5669,"date":"2022-06-07T14:29:29","date_gmt":"2022-06-07T12:29:29","guid":{"rendered":"https:\/\/bioresonance.com\/nutzungsbedingungen\/"},"modified":"2025-04-24T17:08:34","modified_gmt":"2025-04-24T15:08:34","slug":"nutzungsbedingungen","status":"publish","type":"page","link":"https:\/\/bioresonance.com\/de\/nutzungsbedingungen\/","title":{"rendered":"Nutzungsbedingungen"},"content":{"rendered":"\n<h2 class=\"wp-block-heading\"><strong>Allgemeine Gesch\u00e4ftsbedingungen<\/strong><\/h2>\n\n<p>Willkommen auf bioresonance.com!<\/p>\n\n<p>Diese Allgemeinen Gesch\u00e4ftsbedingungen legen die Regeln und Vorschriften f\u00fcr die Nutzung der Website von Rayonex Biomedical GmbH, erreichbar unter https:\/\/bioresonance.com, dar.<\/p>\n\n<p>Durch den Zugriff auf diese Website gehen wir davon aus, dass Sie diese Allgemeinen Gesch\u00e4ftsbedingungen akzeptieren. Bitte setzen Sie die Nutzung von bioresonance.com nicht fort, wenn Sie nicht mit allen auf dieser Seite angef\u00fchrten Bedingungen einverstanden sind. <\/p>\n\n<p>Die folgenden Begriffe gelten f\u00fcr diese Allgemeinen Gesch\u00e4ftsbedingungen, die Datenschutzerkl\u00e4rung, den Haftungsausschluss sowie alle weiteren Vereinbarungen zwischen dem Nutzer und unserem Unternehmen. Der Ausdruck \u201eKunde\u201c, \u201eSie\u201c oder \u201eIhr\u201c bezieht sich auf die nat\u00fcrliche oder juristische Person, die diese Website nutzt und unsere Bedingungen akzeptiert. Mit \u201eUnternehmen\u201c, \u201ewir\u201c, \u201euns\u201c oder \u201eunser\u201c ist das anbietende Unternehmen gemeint. Die Begriffe \u201ePartei\u201c oder \u201eParteien\u201c bezeichnen entweder den Kunden oder das Unternehmen, beziehungsweise beide gemeinsam.<br\/>Alle genannten Begriffe beziehen sich auf das Angebot, die Annahme sowie die Abwicklung der f\u00fcr die Vertragserf\u00fcllung erforderlichen Zahlungen mit dem Ziel, dem Kunden die vereinbarten Leistungen auf bestm\u00f6gliche Weise bereitzustellen \u2013 stets unter Beachtung der geltenden gesetzlichen Vorschriften Deutschlands. Begriffe, die im Singular, Plural, in geschlechtsspezifischer oder geschlechtsneutraler Form sowie in Gro\u00df- oder Kleinschreibung verwendet werden, gelten als gleichbedeutend und beziehen sich auf denselben Inhalt.    <\/p>\n\n<h3 class=\"wp-block-heading\"><strong>Cookies<\/strong><\/h3>\n\n<p>Wir verwenden Cookies. Durch den Zugriff auf bioresonance.com erkl\u00e4ren Sie sich mit der Verwendung von Cookies gem\u00e4\u00df der Datenschutzerkl\u00e4rung der Rayonex Biomedical GmbH einverstanden. <\/p>\n\n<p>Die meisten interaktiven Websites verwenden Cookies, um bestimmte Benutzerdaten bei jedem Besuch wiederzuerkennen. Auch unsere Website setzt Cookies ein, um die Funktionalit\u00e4t bestimmter Bereiche sicherzustellen und den Besuch f\u00fcr Nutzer so benutzerfreundlich wie m\u00f6glich zu gestalten. Dar\u00fcber hinaus k\u00f6nnen auch einige unserer Partner im Bereich Werbung oder Affiliate-Marketing Cookies verwenden  <\/p>\n\n<h3 class=\"wp-block-heading\"><strong>Lizenz<\/strong><\/h3>\n\n<p>Sofern nicht anders angegeben, liegen die Rechte am geistigen Eigentum f\u00fcr s\u00e4mtliche Inhalte auf bioresonance.com bei der Rayonex Biomedical GmbH und\/oder ihren Lizenzgebern. Alle Rechte bleiben vorbehalten. Der Zugriff auf die Inhalte von bioresonance.com ist ausschlie\u00dflich f\u00fcr den pers\u00f6nlichen Gebrauch gestattet \u2013 unter der Voraussetzung, dass die in diesen Allgemeinen Gesch\u00e4ftsbedingungen genannten Einschr\u00e4nkungen eingehalten werden.  <\/p>\n\n<p>Sie d\u00fcrfen nicht:<\/p>\n\n<ul class=\"wp-block-list\"><li>Material von bioresonance.com erneut ver\u00f6ffentlichen.<\/li><li>Material von bioresonance.com verkaufen, vermieten oder unterlizenzieren.<\/li><li>Material von bioresonance.com vervielf\u00e4ltigen, duplizieren oder kopieren.<\/li><li>Inhalte von bioresonance.com weiterverbreiten.<\/li><\/ul>\n\n<p>Diese Vereinbarung tritt mit dem heutigen Datum in Kraft. Unsere Allgemeinen Gesch\u00e4ftsbedingungen wurden mit Hilfe des <a href=\"https:\/\/www.termsfeed.com\/terms-conditions-generator\/\">TermsFeed Free Terms and Conditions Generator<\/a> erstellt. <\/p>\n\n<p>In bestimmten Bereichen dieser Website haben Nutzer die M\u00f6glichkeit, Meinungen und Informationen zu ver\u00f6ffentlichen und miteinander auszutauschen. Die Rayonex Biomedical GmbH nimmt vor der Ver\u00f6ffentlichung keine inhaltliche Pr\u00fcfung, Bearbeitung oder Filterung von Kommentaren vor. Die ver\u00f6ffentlichten Kommentare spiegeln daher nicht die Ansichten oder Meinungen der Rayonex Biomedical GmbH, ihrer Vertreter oder verbundenen Unternehmen wider. Sie geben ausschlie\u00dflich die Meinung der jeweiligen Verfasserin bzw. des Verfassers wieder.<br\/>Im Rahmen der geltenden gesetzlichen Bestimmungen \u00fcbernimmt die Rayonex Biomedical GmbH keine Verantwortung oder Haftung f\u00fcr Kommentare, noch f\u00fcr etwaige daraus resultierende Sch\u00e4den, Kosten oder rechtliche Folgen, die durch die Nutzung, Ver\u00f6ffentlichung oder das Erscheinen solcher Kommentare auf dieser Website entstehen k\u00f6nnen.    <\/p>\n\n<p>Die Rayonex Biomedical GmbH beh\u00e4lt sich das Recht vor, alle Kommentare zu \u00fcberwachen und Kommentare zu entfernen, die als unangemessen oder beleidigend betrachtet werden k\u00f6nnen oder einen Versto\u00df gegen die Allgemeinen Gesch\u00e4ftsbedingungen darstellen.<\/p>\n\n<p>Sie garantieren und versichern, dass:<\/p>\n\n<ul class=\"wp-block-list\"><li>Sie berechtigt sind, die Kommentare auf unserer Website zu ver\u00f6ffentlichen und \u00fcber alle erforderlichen Lizenzen und Einwilligungen daf\u00fcr verf\u00fcgen;<\/li><li>Ihre Kommentare keine Rechte am geistigen Eigentum Dritter verletzen, einschlie\u00dflich \u2013 aber nicht beschr\u00e4nkt auf \u2013 Urheberrechte, Patente oder Marken.<\/li><li>Ihre Kommentare kein verleumderisches, beleidigendes, anst\u00f6\u00dfiges, unanst\u00e4ndiges oder anderweitig rechtswidriges Material enthalten, das eine Verletzung der Privatsph\u00e4re darstellt.<\/li><li>Ihre Kommentare nicht verwendet werden, um gesch\u00e4ftliche oder gewohnheitsm\u00e4\u00dfige Aktivit\u00e4ten zu erbitten oder zu f\u00f6rdern oder kommerzielle Aktivit\u00e4ten oder unrechtm\u00e4\u00dfige Aktivit\u00e4ten zu pr\u00e4sentieren.<\/li><\/ul>\n\n<p>Mit dem Ver\u00f6ffentlichen eines Kommentars r\u00e4umen Sie der Rayonex Biomedical GmbH eine nicht-exklusive, weltweite Lizenz ein, Ihre Kommentare in jeglicher Form, in allen Formaten und \u00fcber s\u00e4mtliche Medien zu nutzen, zu vervielf\u00e4ltigen, zu bearbeiten und Dritten die Nutzung, Vervielf\u00e4ltigung und Bearbeitung zu gestatten.<\/p>\n\n<h3 class=\"wp-block-heading\"><strong>Link zu unseren Inhalten<\/strong><\/h3>\n\n<p>Die folgenden Organisationen d\u00fcrfen ohne vorherige schriftliche Genehmigung auf unsere Website verlinken:<\/p>\n\n<ul class=\"wp-block-list\"><li>Regierungsbeh\u00f6rden;<\/li><li>Suchmaschinen;<\/li><li>Nachrichtenorganisationen;<\/li><li>Online-Verzeichnisanbieter d\u00fcrfen auf unsere Website in der gleichen Weise verlinken, wie sie auf die Websites anderer aufgef\u00fchrter Unternehmen verlinken; und<\/li><li>Systemweit akkreditierte Unternehmen d\u00fcrfen auf unsere Website verlinken, mit Ausnahme von werbenden gemeinn\u00fctzigen Organisationen, Wohlt\u00e4tigkeits-Einkaufszentren und Spendensammelgruppen, die von diesem Recht ausgeschlossen sind.<\/li><\/ul>\n\n<p>Diese Organisationen d\u00fcrfen auf unsere Homepage, auf Publikationen oder auf andere Website-Informationen verlinken, solange der Link: (a) in keiner Weise irref\u00fchrend ist; (b) nicht f\u00e4lschlicherweise Sponsoring, Billigung oder Zustimmung der verlinkenden Partei und ihrer Produkte und\/oder Dienstleistungen impliziert; und (c) in den Kontext der Website der verlinkenden Partei passt.   <\/p>\n\n<p>Wir k\u00f6nnen andere Linkanfragen von den folgenden Arten von Organisationen in Betracht ziehen und genehmigen:<\/p>\n\n<ul class=\"wp-block-list\"><li>allgemein bekannte Verbraucher- und\/oder Gesch\u00e4ftsinformationsquellen;<\/li><li>Dot-Com-Gemeinschaftsseiten;<\/li><li>Verb\u00e4nde oder andere Gruppen, die Wohlt\u00e4tigkeitsorganisationen vertreten;<\/li><li>Online-Verzeichnisanbieter;<\/li><li>Internetportale;<\/li><li>Buchhaltungs-, Rechts- und Beratungsfirmen; sowie<\/li><li>Bildungseinrichtungen und Berufsverb\u00e4nde.<\/li><\/ul>\n\n<p>Wir werden Linkanfragen von diesen Organisationen nur dann genehmigen, wenn wir feststellen, dass: (a) der Link uns oder unsere akkreditierten Unternehmen nicht negativ darstellt; (b) die Organisation keine negativen Aufzeichnungen bei uns hat; (c) der Nutzen der erh\u00f6hten Sichtbarkeit des Hyperlinks die Abwesenheit der Rayonex Biomedical GmbH ausgleicht; und (d) der Link im Rahmen allgemeiner Ressourceninformationen eingebunden wird.    <\/p>\n\n<p>Diese Organisationen d\u00fcrfen auf unsere Homepage verlinken, solange der Link: (a) in keiner Weise irref\u00fchrend ist; (b) nicht f\u00e4lschlicherweise Sponsoring, Billigung oder Zustimmung der verlinkenden Partei und ihrer Produkte oder Dienstleistungen impliziert; und (c) in den Kontext der Website der verlinkenden Partei passt.   <\/p>\n\n<p>Wenn Sie eine der in Absatz 2 oben aufgef\u00fchrten Organisationen sind und daran interessiert sind, auf unsere Website zu verlinken, m\u00fcssen Sie uns dies per E-Mail an die Rayonex Biomedical GmbH mitteilen. Bitte f\u00fcgen Sie Ihren Namen, den Namen Ihrer Organisation, Kontaktinformationen sowie die URL Ihrer Website, eine Liste aller URLs, von denen aus Sie auf unsere Website verlinken m\u00f6chten und eine Liste der URLs auf unserer Website, zu denen Sie verlinken m\u00f6chten, bei. Bitte warten Sie 2-3 Wochen auf eine Antwort.  <\/p>\n\n<p>Genehmigte Organisationen d\u00fcrfen wie folgt auf unsere Website verlinken:<\/p>\n\n<ul class=\"wp-block-list\"><li>Durch Verwendung unseres Firmennamens; oder<\/li><li>Durch Verwendung des Uniform Resource Locators, auf den verlinkt wird; oder<\/li><li>Durch Verwendung einer anderen Beschreibung unserer Website, auf die verlinkt wird, die im Kontext und Format des Inhalts auf der Website der verlinkenden Partei sinnvoll ist.<\/li><\/ul>\n\n<p>Die Verwendung des Logos oder anderer Grafiken der Rayonex Biomedical GmbH f\u00fcr die Verlinkung ist ohne eine Markenlizenvereinbarung nicht gestattet.<\/p>\n\n<h3 class=\"wp-block-heading\"><strong>iFrames<\/strong><\/h3>\n\n<p>Ohne vorherige Genehmigung und schriftliche Erlaubnis d\u00fcrfen Sie keine Frames um unsere Webseiten erstellen, die die visuelle Darstellung oder das Erscheinungsbild unserer Website in irgendeiner Weise ver\u00e4ndern.<\/p>\n\n<h3 class=\"wp-block-heading\"><strong>Inhaltliche Haftung<\/strong><\/h3>\n\n<p>Wir sind nicht f\u00fcr Inhalte verantwortlich, die auf Ihrer Website erscheinen. Sie erkl\u00e4ren sich damit einverstanden, uns gegen alle Anspr\u00fcche zu sch\u00fctzen und zu verteidigen, die auf Ihrer Website entstehen. Es sollten keine Links auf einer Website erscheinen, die als verleumderisch, obsz\u00f6n oder kriminell interpretiert werden k\u00f6nnen oder die die Rechte Dritter verletzen, anderweitig versto\u00dfen oder deren Verletzung oder anderweitigen Versto\u00df bef\u00fcrworten.  <\/p>\n\n<h3 class=\"wp-block-heading\"><strong>Ihre Privatsph\u00e4re<\/strong><\/h3>\n\n<p>Bitte lesen Sie die Datenschutzerkl\u00e4rung<\/p>\n\n<h3 class=\"wp-block-heading\"><strong>Rechtevorbehalt<\/strong><\/h3>\n\n<p>Wir behalten uns das Recht vor, Sie aufzufordern, alle Links oder einen bestimmten Link zu unserer Website zu entfernen. Sie stimmen zu, auf Anfrage unverz\u00fcglich alle Links zu unserer Website zu entfernen. Wir behalten uns auch das Recht vor, diese Gesch\u00e4ftsbedingungen und ihre Verlinkungsrichtlinie jederzeit zu \u00e4ndern. Indem Sie weiterhin auf unsere Website verlinken, erkl\u00e4ren Sie sich damit einverstanden, an diese Verlinkungsbedingungen gebunden zu sein und sie zu befolgen.   <\/p>\n\n<h3 class=\"wp-block-heading\"><strong>Entfernung von Links von unserer Website<\/strong><\/h3>\n\n<p>Wenn Sie einen Link auf unserer Website finden, der aus irgendeinem Grund anst\u00f6\u00dfig ist, k\u00f6nnen Sie uns jederzeit kontaktieren und informieren. Wir werden Anfragen zur Entfernung von Links in Betracht ziehen, sind jedoch nicht verpflichtet, dies zu tun oder Ihnen direkt zu antworten. <\/p>\n\n<p>Wir garantieren nicht, dass die Informationen auf dieser Website korrekt sind, wir garantieren nicht deren Vollst\u00e4ndigkeit oder Genauigkeit; noch versprechen wir sicherzustellen, dass die Website verf\u00fcgbar bleibt oder das Material auf der Website auf dem neuesten Stand gehalten wird.<\/p>\n\n<h3 class=\"wp-block-heading\"><strong>Haftungsausschluss<\/strong><\/h3>\n\n<p>Im maximal zul\u00e4ssigen gesetzlichen Umfang schlie\u00dfen wir alle Zusicherungen, Gew\u00e4hrleistungen und Bedingungen in Bezug auf unsere Website und die Nutzung dieser Website aus. Nichts in diesem Haftungsausschluss wird: <\/p>\n\n<ul class=\"wp-block-list\"><li>unsere oder Ihre Haftung f\u00fcr Tod oder K\u00f6rperverletzung einschr\u00e4nken oder ausschlie\u00dfen;<\/li><li>unsere oder Ihre Haftung f\u00fcr Betrug oder arglistige T\u00e4uschung einschr\u00e4nken oder ausschlie\u00dfen;<\/li><li>unsere oder Ihre Haftung in einer Weise einschr\u00e4nken, die nach geltendem Recht nicht zul\u00e4ssig ist; oder<\/li><li>unsere oder Ihre Haftung ausschlie\u00dfen, die nach geltendem Recht nicht ausgeschlossen werden kann.<\/li><\/ul>\n\n<p>Die in diesem Abschnitt und an anderer Stelle in diesem Haftungsausschluss festgelegten Haftungsbeschr\u00e4nkungen und -verbote: (a) unterliegen dem vorstehenden Absatz; und (b) regeln alle Haftungen, die sich aus dem Haftungsausschluss ergeben, einschlie\u00dflich Haftungen, die sich aus Vertrag, unerlaubter Handlung und Verletzung gesetzlicher Pflichten ergeben.  <\/p>\n\n<p>Solange die Website und die Informationen sowie Dienstleistungen auf der Website kostenlos zur Verf\u00fcgung gestellt werden, haften wir nicht f\u00fcr Verluste oder Sch\u00e4den jeglicher Art.<\/p>\n","protected":false},"excerpt":{"rendered":"<p>Allgemeine Gesch\u00e4ftsbedingungen Willkommen auf bioresonance.com! Diese Allgemeinen Gesch\u00e4ftsbedingungen legen die Regeln und Vorschriften f\u00fcr die Nutzung der Website von Rayonex Biomedical GmbH, erreichbar unter https:\/\/bioresonance.com, dar. Durch den Zugriff auf diese Website gehen wir davon aus, dass Sie diese Allgemeinen Gesch\u00e4ftsbedingungen akzeptieren. Bitte setzen Sie die Nutzung von bioresonance.com nicht fort, wenn Sie nicht mit [&hellip;]<\/p>\n","protected":false},"author":1,"featured_media":0,"parent":0,"menu_order":0,"comment_status":"closed","ping_status":"closed","template":"","meta":{"site-sidebar-layout":"default","site-content-layout":"","ast-site-content-layout":"default","site-content-style":"default","site-sidebar-style":"default","ast-global-header-display":"","ast-banner-title-visibility":"","ast-main-header-display":"","ast-hfb-above-header-display":"","ast-hfb-below-header-display":"","ast-hfb-mobile-header-display":"","site-post-title":"","ast-breadcrumbs-content":"","ast-featured-img":"","footer-sml-layout":"","ast-disable-related-posts":"","theme-transparent-header-meta":"","adv-header-id-meta":"","stick-header-meta":"","header-above-stick-meta":"","header-main-stick-meta":"","header-below-stick-meta":"","astra-migrate-meta-layouts":"default","ast-page-background-enabled":"default","ast-page-background-meta":{"desktop":{"background-color":"","background-image":"","background-repeat":"repeat","background-position":"center center","background-size":"auto","background-attachment":"scroll","background-type":"","background-media":"","overlay-type":"","overlay-color":"","overlay-opacity":"","overlay-gradient":""},"tablet":{"background-color":"","background-image":"","background-repeat":"repeat","background-position":"center center","background-size":"auto","background-attachment":"scroll","background-type":"","background-media":"","overlay-type":"","overlay-color":"","overlay-opacity":"","overlay-gradient":""},"mobile":{"background-color":"","background-image":"","background-repeat":"repeat","background-position":"center center","background-size":"auto","background-attachment":"scroll","background-type":"","background-media":"","overlay-type":"","overlay-color":"","overlay-opacity":"","overlay-gradient":""}},"ast-content-background-meta":{"desktop":{"background-color":"var(--ast-global-color-5)","background-image":"","background-repeat":"repeat","background-position":"center center","background-size":"auto","background-attachment":"scroll","background-type":"","background-media":"","overlay-type":"","overlay-color":"","overlay-opacity":"","overlay-gradient":""},"tablet":{"background-color":"var(--ast-global-color-5)","background-image":"","background-repeat":"repeat","background-position":"center center","background-size":"auto","background-attachment":"scroll","background-type":"","background-media":"","overlay-type":"","overlay-color":"","overlay-opacity":"","overlay-gradient":""},"mobile":{"background-color":"var(--ast-global-color-5)","background-image":"","background-repeat":"repeat","background-position":"center center","background-size":"auto","background-attachment":"scroll","background-type":"","background-media":"","overlay-type":"","overlay-color":"","overlay-opacity":"","overlay-gradient":""}},"footnotes":""},"class_list":["post-5669","page","type-page","status-publish","hentry"],"yoast_head":"<!-- This site is optimized with the Yoast SEO plugin v27.4 - https:\/\/yoast.com\/product\/yoast-seo-wordpress\/ -->\n<title>Nutzungsbedingungen - Bioresonance according to Paul Schmidt<\/title>\n<meta name=\"robots\" content=\"index, follow, max-snippet:-1, max-image-preview:large, max-video-preview:-1\" \/>\n<link rel=\"canonical\" href=\"https:\/\/bioresonance.com\/de\/nutzungsbedingungen\/\" \/>\n<meta property=\"og:locale\" content=\"de_DE\" \/>\n<meta property=\"og:type\" content=\"article\" \/>\n<meta property=\"og:title\" content=\"Nutzungsbedingungen - Bioresonance according to Paul Schmidt\" \/>\n<meta property=\"og:description\" content=\"Allgemeine Gesch\u00e4ftsbedingungen Willkommen auf bioresonance.com! Diese Allgemeinen Gesch\u00e4ftsbedingungen legen die Regeln und Vorschriften f\u00fcr die Nutzung der Website von Rayonex Biomedical GmbH, erreichbar unter https:\/\/bioresonance.com, dar. Durch den Zugriff auf diese Website gehen wir davon aus, dass Sie diese Allgemeinen Gesch\u00e4ftsbedingungen akzeptieren. Bitte setzen Sie die Nutzung von bioresonance.com nicht fort, wenn Sie nicht mit [&hellip;]\" \/>\n<meta property=\"og:url\" content=\"https:\/\/bioresonance.com\/de\/nutzungsbedingungen\/\" \/>\n<meta property=\"og:site_name\" content=\"Bioresonance according to Paul Schmidt\" \/>\n<meta property=\"article:publisher\" content=\"https:\/\/www.facebook.com\/RayonexBiomedical\" \/>\n<meta property=\"article:modified_time\" content=\"2025-04-24T15:08:34+00:00\" \/>\n<meta name=\"twitter:card\" content=\"summary_large_image\" \/>\n<meta name=\"twitter:label1\" content=\"Gesch\u00e4tzte Lesezeit\" \/>\n\t<meta name=\"twitter:data1\" content=\"8\u00a0Minuten\" \/>\n<script type=\"application\/ld+json\" class=\"yoast-schema-graph\">{\"@context\":\"https:\\\/\\\/schema.org\",\"@graph\":[{\"@type\":\"WebPage\",\"@id\":\"https:\\\/\\\/bioresonance.com\\\/de\\\/nutzungsbedingungen\\\/\",\"url\":\"https:\\\/\\\/bioresonance.com\\\/de\\\/nutzungsbedingungen\\\/\",\"name\":\"Nutzungsbedingungen - Bioresonance according to Paul Schmidt\",\"isPartOf\":{\"@id\":\"https:\\\/\\\/bioresonance.com\\\/de\\\/#website\"},\"datePublished\":\"2022-06-07T12:29:29+00:00\",\"dateModified\":\"2025-04-24T15:08:34+00:00\",\"breadcrumb\":{\"@id\":\"https:\\\/\\\/bioresonance.com\\\/de\\\/nutzungsbedingungen\\\/#breadcrumb\"},\"inLanguage\":\"de\",\"potentialAction\":[{\"@type\":\"ReadAction\",\"target\":[\"https:\\\/\\\/bioresonance.com\\\/de\\\/nutzungsbedingungen\\\/\"]}]},{\"@type\":\"BreadcrumbList\",\"@id\":\"https:\\\/\\\/bioresonance.com\\\/de\\\/nutzungsbedingungen\\\/#breadcrumb\",\"itemListElement\":[{\"@type\":\"ListItem\",\"position\":1,\"name\":\"Home\",\"item\":\"https:\\\/\\\/bioresonance.com\\\/de\\\/startseite\\\/\"},{\"@type\":\"ListItem\",\"position\":2,\"name\":\"Nutzungsbedingungen\"}]},{\"@type\":\"WebSite\",\"@id\":\"https:\\\/\\\/bioresonance.com\\\/de\\\/#website\",\"url\":\"https:\\\/\\\/bioresonance.com\\\/de\\\/\",\"name\":\"Bioresonance according to Paul Schmidt\",\"description\":\"\",\"publisher\":{\"@id\":\"https:\\\/\\\/bioresonance.com\\\/de\\\/#organization\"},\"potentialAction\":[{\"@type\":\"SearchAction\",\"target\":{\"@type\":\"EntryPoint\",\"urlTemplate\":\"https:\\\/\\\/bioresonance.com\\\/de\\\/?s={search_term_string}\"},\"query-input\":{\"@type\":\"PropertyValueSpecification\",\"valueRequired\":true,\"valueName\":\"search_term_string\"}}],\"inLanguage\":\"de\"},{\"@type\":\"Organization\",\"@id\":\"https:\\\/\\\/bioresonance.com\\\/de\\\/#organization\",\"name\":\"Rayonex Biomedical GmbH\",\"url\":\"https:\\\/\\\/bioresonance.com\\\/de\\\/\",\"logo\":{\"@type\":\"ImageObject\",\"inLanguage\":\"de\",\"@id\":\"https:\\\/\\\/bioresonance.com\\\/de\\\/#\\\/schema\\\/logo\\\/image\\\/\",\"url\":\"https:\\\/\\\/bioresonance.com\\\/wp-content\\\/uploads\\\/2022\\\/10\\\/Rayonex-Biomedical-Logo.png\",\"contentUrl\":\"https:\\\/\\\/bioresonance.com\\\/wp-content\\\/uploads\\\/2022\\\/10\\\/Rayonex-Biomedical-Logo.png\",\"width\":2560,\"height\":524,\"caption\":\"Rayonex Biomedical GmbH\"},\"image\":{\"@id\":\"https:\\\/\\\/bioresonance.com\\\/de\\\/#\\\/schema\\\/logo\\\/image\\\/\"},\"sameAs\":[\"https:\\\/\\\/www.facebook.com\\\/RayonexBiomedical\",\"https:\\\/\\\/www.youtube.com\\\/@RayonexBiomedical\",\"https:\\\/\\\/www.instagram.com\\\/rayonex\",\"https:\\\/\\\/www.xing.com\\\/pages\\\/rayonexbiomedicalgmbh\",\"https:\\\/\\\/de.linkedin.com\\\/company\\\/rayonex-biomedical-gmbh\"]}]}<\/script>\n<!-- \/ Yoast SEO plugin. -->","yoast_head_json":{"title":"Nutzungsbedingungen - Bioresonance according to Paul Schmidt","robots":{"index":"index","follow":"follow","max-snippet":"max-snippet:-1","max-image-preview":"max-image-preview:large","max-video-preview":"max-video-preview:-1"},"canonical":"https:\/\/bioresonance.com\/de\/nutzungsbedingungen\/","og_locale":"de_DE","og_type":"article","og_title":"Nutzungsbedingungen - Bioresonance according to Paul Schmidt","og_description":"Allgemeine Gesch\u00e4ftsbedingungen Willkommen auf bioresonance.com! Diese Allgemeinen Gesch\u00e4ftsbedingungen legen die Regeln und Vorschriften f\u00fcr die Nutzung der Website von Rayonex Biomedical GmbH, erreichbar unter https:\/\/bioresonance.com, dar. Durch den Zugriff auf diese Website gehen wir davon aus, dass Sie diese Allgemeinen Gesch\u00e4ftsbedingungen akzeptieren. Bitte setzen Sie die Nutzung von bioresonance.com nicht fort, wenn Sie nicht mit [&hellip;]","og_url":"https:\/\/bioresonance.com\/de\/nutzungsbedingungen\/","og_site_name":"Bioresonance according to Paul Schmidt","article_publisher":"https:\/\/www.facebook.com\/RayonexBiomedical","article_modified_time":"2025-04-24T15:08:34+00:00","twitter_card":"summary_large_image","twitter_misc":{"Gesch\u00e4tzte Lesezeit":"8\u00a0Minuten"},"schema":{"@context":"https:\/\/schema.org","@graph":[{"@type":"WebPage","@id":"https:\/\/bioresonance.com\/de\/nutzungsbedingungen\/","url":"https:\/\/bioresonance.com\/de\/nutzungsbedingungen\/","name":"Nutzungsbedingungen - Bioresonance according to Paul Schmidt","isPartOf":{"@id":"https:\/\/bioresonance.com\/de\/#website"},"datePublished":"2022-06-07T12:29:29+00:00","dateModified":"2025-04-24T15:08:34+00:00","breadcrumb":{"@id":"https:\/\/bioresonance.com\/de\/nutzungsbedingungen\/#breadcrumb"},"inLanguage":"de","potentialAction":[{"@type":"ReadAction","target":["https:\/\/bioresonance.com\/de\/nutzungsbedingungen\/"]}]},{"@type":"BreadcrumbList","@id":"https:\/\/bioresonance.com\/de\/nutzungsbedingungen\/#breadcrumb","itemListElement":[{"@type":"ListItem","position":1,"name":"Home","item":"https:\/\/bioresonance.com\/de\/startseite\/"},{"@type":"ListItem","position":2,"name":"Nutzungsbedingungen"}]},{"@type":"WebSite","@id":"https:\/\/bioresonance.com\/de\/#website","url":"https:\/\/bioresonance.com\/de\/","name":"Bioresonance according to Paul Schmidt","description":"","publisher":{"@id":"https:\/\/bioresonance.com\/de\/#organization"},"potentialAction":[{"@type":"SearchAction","target":{"@type":"EntryPoint","urlTemplate":"https:\/\/bioresonance.com\/de\/?s={search_term_string}"},"query-input":{"@type":"PropertyValueSpecification","valueRequired":true,"valueName":"search_term_string"}}],"inLanguage":"de"},{"@type":"Organization","@id":"https:\/\/bioresonance.com\/de\/#organization","name":"Rayonex Biomedical GmbH","url":"https:\/\/bioresonance.com\/de\/","logo":{"@type":"ImageObject","inLanguage":"de","@id":"https:\/\/bioresonance.com\/de\/#\/schema\/logo\/image\/","url":"https:\/\/bioresonance.com\/wp-content\/uploads\/2022\/10\/Rayonex-Biomedical-Logo.png","contentUrl":"https:\/\/bioresonance.com\/wp-content\/uploads\/2022\/10\/Rayonex-Biomedical-Logo.png","width":2560,"height":524,"caption":"Rayonex Biomedical GmbH"},"image":{"@id":"https:\/\/bioresonance.com\/de\/#\/schema\/logo\/image\/"},"sameAs":["https:\/\/www.facebook.com\/RayonexBiomedical","https:\/\/www.youtube.com\/@RayonexBiomedical","https:\/\/www.instagram.com\/rayonex","https:\/\/www.xing.com\/pages\/rayonexbiomedicalgmbh","https:\/\/de.linkedin.com\/company\/rayonex-biomedical-gmbh"]}]}},"_links":{"self":[{"href":"https:\/\/bioresonance.com\/de\/wp-json\/wp\/v2\/pages\/5669","targetHints":{"allow":["GET"]}}],"collection":[{"href":"https:\/\/bioresonance.com\/de\/wp-json\/wp\/v2\/pages"}],"about":[{"href":"https:\/\/bioresonance.com\/de\/wp-json\/wp\/v2\/types\/page"}],"author":[{"embeddable":true,"href":"https:\/\/bioresonance.com\/de\/wp-json\/wp\/v2\/users\/1"}],"replies":[{"embeddable":true,"href":"https:\/\/bioresonance.com\/de\/wp-json\/wp\/v2\/comments?post=5669"}],"version-history":[{"count":3,"href":"https:\/\/bioresonance.com\/de\/wp-json\/wp\/v2\/pages\/5669\/revisions"}],"predecessor-version":[{"id":5694,"href":"https:\/\/bioresonance.com\/de\/wp-json\/wp\/v2\/pages\/5669\/revisions\/5694"}],"wp:attachment":[{"href":"https:\/\/bioresonance.com\/de\/wp-json\/wp\/v2\/media?parent=5669"}],"curies":[{"name":"wp","href":"https:\/\/api.w.org\/{rel}","templated":true}]}}